{"id":758,"date":"2025-02-18T14:08:59","date_gmt":"2025-02-18T19:08:59","guid":{"rendered":"https:\/\/senaleditora.com\/?post_type=product&#038;p=758"},"modified":"2025-02-21T16:47:32","modified_gmt":"2025-02-21T21:47:32","slug":"ortografia-de-horacio-barrios","status":"publish","type":"product","link":"https:\/\/senaleditora.com\/index.php\/product\/ortografia-de-horacio-barrios\/","title":{"rendered":"Ortograf\u00eda, de Horacio Barrios"},"content":{"rendered":"<p>HORACIO BARRIOS<\/p>\n","protected":false},"excerpt":{"rendered":"<p>Esta propuesta pone un arsenal de ideas y herramientas al servicio de hispanohablantes y extranjeros que aspiren a mejorar sus competencias en lengua castellana. Gracias al lat\u00edn el castellano translitera el griego y nos dota de \u00e9timos y afijos, ra\u00edces vivas de nuestra lengua y notoriamente visibles en las definiciones lexicogr\u00e1ficas que ofrece la RAE y que esta obra resignifica. Ortograf\u00eda confirma que una vez adquirida desde la infancia la competencia oral y ac\u00fastica de una lengua, la mayor dificultad del hablante es poner en palabras su pensamiento y en aprehender las ideas de otros a partir de la palabra o\u00edda y escrita, as\u00ed como sus agregados simb\u00f3licos, emocionales y de doble sentido.<\/p>\n","protected":false},"featured_media":759,"comment_status":"open","ping_status":"closed","template":"","meta":[],"product_cat":[58],"product_tag":[],"class_list":{"0":"post-758","1":"product","2":"type-product","3":"status-publish","4":"has-post-thumbnail","6":"product_cat-ebook","8":"first","9":"instock","10":"shipping-taxable","11":"purchasable","12":"product-type-simple"},"_links":{"self":[{"href":"https:\/\/senaleditora.com\/index.php\/wp-json\/wp\/v2\/product\/758","targetHints":{"allow":["GET"]}}],"collection":[{"href":"https:\/\/senaleditora.com\/index.php\/wp-json\/wp\/v2\/product"}],"about":[{"href":"https:\/\/senaleditora.com\/index.php\/wp-json\/wp\/v2\/types\/product"}],"replies":[{"embeddable":true,"href":"https:\/\/senaleditora.com\/index.php\/wp-json\/wp\/v2\/comments?post=758"}],"wp:featuredmedia":[{"embeddable":true,"href":"https:\/\/senaleditora.com\/index.php\/wp-json\/wp\/v2\/media\/759"}],"wp:attachment":[{"href":"https:\/\/senaleditora.com\/index.php\/wp-json\/wp\/v2\/media?parent=758"}],"wp:term":[{"taxonomy":"product_cat","embeddable":true,"href":"https:\/\/senaleditora.com\/index.php\/wp-json\/wp\/v2\/product_cat?post=758"},{"taxonomy":"product_tag","embeddable":true,"href":"https:\/\/senaleditora.com\/index.php\/wp-json\/wp\/v2\/product_tag?post=758"}],"curies":[{"name":"wp","href":"https:\/\/api.w.org\/{rel}","templated":true}]}}