{"id":756,"date":"2025-02-18T14:05:32","date_gmt":"2025-02-18T19:05:32","guid":{"rendered":"https:\/\/senaleditora.com\/?post_type=product&#038;p=756"},"modified":"2025-02-21T16:49:57","modified_gmt":"2025-02-21T21:49:57","slug":"la-llamada-un-retrato","status":"publish","type":"product","link":"https:\/\/senaleditora.com\/index.php\/product\/la-llamada-un-retrato\/","title":{"rendered":"La llamada &#8211; Un retrato"},"content":{"rendered":"<p>Leila Guerriero<\/p>\n","protected":false},"excerpt":{"rendered":"<p>A fines de los sesenta, con trece a\u00f1os, la argentina Silvia Labayru era una adolescente t\u00edmida, lectora, amante de los animales, entusiasta de John F. Kennedy, hija de una familia de militares que inclu\u00eda a su padre, miembro de la Fuerza A\u00e9rea y piloto civil. A esa edad ingres\u00f3 en el Colegio Nacional Buenos Aires, una instituci\u00f3n p\u00fablica de gran prestigio, donde entr\u00f3 en contacto con agrupaciones estudiantiles de izquierda y se transform\u00f3 en una militante aguerrida. En marzo de 1976 se produjo en la Argentina un golpe de Estado que dio comienzo a una dictadura militar. Para entonces, embarazada de cinco meses y con veinte a\u00f1os, Labayru integraba el sector de Inteligencia de la organizaci\u00f3n Montoneros, un grupo armado de extracci\u00f3n peronista.<\/p>\n","protected":false},"featured_media":757,"comment_status":"open","ping_status":"closed","template":"","meta":[],"product_cat":[60,61],"product_tag":[],"class_list":{"0":"post-756","1":"product","2":"type-product","3":"status-publish","4":"has-post-thumbnail","6":"product_cat-comunicacion-y-periodismo","7":"product_cat-negocios-y-profesionales","9":"first","10":"instock","11":"shipping-taxable","12":"purchasable","13":"product-type-simple"},"_links":{"self":[{"href":"https:\/\/senaleditora.com\/index.php\/wp-json\/wp\/v2\/product\/756","targetHints":{"allow":["GET"]}}],"collection":[{"href":"https:\/\/senaleditora.com\/index.php\/wp-json\/wp\/v2\/product"}],"about":[{"href":"https:\/\/senaleditora.com\/index.php\/wp-json\/wp\/v2\/types\/product"}],"replies":[{"embeddable":true,"href":"https:\/\/senaleditora.com\/index.php\/wp-json\/wp\/v2\/comments?post=756"}],"wp:featuredmedia":[{"embeddable":true,"href":"https:\/\/senaleditora.com\/index.php\/wp-json\/wp\/v2\/media\/757"}],"wp:attachment":[{"href":"https:\/\/senaleditora.com\/index.php\/wp-json\/wp\/v2\/media?parent=756"}],"wp:term":[{"taxonomy":"product_cat","embeddable":true,"href":"https:\/\/senaleditora.com\/index.php\/wp-json\/wp\/v2\/product_cat?post=756"},{"taxonomy":"product_tag","embeddable":true,"href":"https:\/\/senaleditora.com\/index.php\/wp-json\/wp\/v2\/product_tag?post=756"}],"curies":[{"name":"wp","href":"https:\/\/api.w.org\/{rel}","templated":true}]}}