{"id":754,"date":"2025-02-18T14:03:47","date_gmt":"2025-02-18T19:03:47","guid":{"rendered":"https:\/\/senaleditora.com\/?post_type=product&#038;p=754"},"modified":"2025-02-21T16:51:48","modified_gmt":"2025-02-21T21:51:48","slug":"esnob-elisabet-benavent","status":"publish","type":"product","link":"https:\/\/senaleditora.com\/index.php\/product\/esnob-elisabet-benavent\/","title":{"rendered":"Esnob &#8211; Elisabet Benavent"},"content":{"rendered":"<p>Elisabet Benavent<\/p>\n","protected":false},"excerpt":{"rendered":"<p>Imagina: eres un tibur\u00f3n de las finanzas estilo lobo de Wall Street, perteneces a una buena familia y siempre has tenido todo lo que has querido; por no hablar de que no hay chica que se te resista. Y cuando est\u00e1s a punto de rozar la cumbre del \u00e9xito con la yema de los dedos, lo pierdes todo&#8230; por tu culpa. Tu \u00fanica salida es volver a empezar, y ah\u00ed est\u00e1s, con tu traje esnob, en un pol\u00edgono industrial en tu primer d\u00eda como Ceniciento. Pero tranquilo, Alejo, que este no es el cuento de siempre. \u00bfO tal vez s\u00ed?<\/p>\n","protected":false},"featured_media":755,"comment_status":"open","ping_status":"closed","template":"","meta":[],"product_cat":[55,54],"product_tag":[],"class_list":{"0":"post-754","1":"product","2":"type-product","3":"status-publish","4":"has-post-thumbnail","6":"product_cat-literatura-de-ficcion","7":"product_cat-literatura-infantil","9":"first","10":"instock","11":"shipping-taxable","12":"purchasable","13":"product-type-simple"},"_links":{"self":[{"href":"https:\/\/senaleditora.com\/index.php\/wp-json\/wp\/v2\/product\/754","targetHints":{"allow":["GET"]}}],"collection":[{"href":"https:\/\/senaleditora.com\/index.php\/wp-json\/wp\/v2\/product"}],"about":[{"href":"https:\/\/senaleditora.com\/index.php\/wp-json\/wp\/v2\/types\/product"}],"replies":[{"embeddable":true,"href":"https:\/\/senaleditora.com\/index.php\/wp-json\/wp\/v2\/comments?post=754"}],"wp:featuredmedia":[{"embeddable":true,"href":"https:\/\/senaleditora.com\/index.php\/wp-json\/wp\/v2\/media\/755"}],"wp:attachment":[{"href":"https:\/\/senaleditora.com\/index.php\/wp-json\/wp\/v2\/media?parent=754"}],"wp:term":[{"taxonomy":"product_cat","embeddable":true,"href":"https:\/\/senaleditora.com\/index.php\/wp-json\/wp\/v2\/product_cat?post=754"},{"taxonomy":"product_tag","embeddable":true,"href":"https:\/\/senaleditora.com\/index.php\/wp-json\/wp\/v2\/product_tag?post=754"}],"curies":[{"name":"wp","href":"https:\/\/api.w.org\/{rel}","templated":true}]}}