{"id":752,"date":"2025-02-18T14:02:33","date_gmt":"2025-02-18T19:02:33","guid":{"rendered":"https:\/\/senaleditora.com\/?post_type=product&#038;p=752"},"modified":"2025-02-21T16:51:06","modified_gmt":"2025-02-21T21:51:06","slug":"seda-alessandro-baricco","status":"publish","type":"product","link":"https:\/\/senaleditora.com\/index.php\/product\/seda-alessandro-baricco\/","title":{"rendered":"Seda"},"content":{"rendered":"<p>Alessandro Baricco<\/p>\n","protected":false},"excerpt":{"rendered":"<p>Alessandro Baricco presentaba la edici\u00f3n italiana de Seda que tuvo un \u00e9xito extraordinario en su pa\u00eds, con estas palabras: \u00c9sta no es una novela. Ni siquiera es un cuento. \u00c9sta es una historia. Empieza con hombre que atraviesa el mundo, y acaba con un lago que permanece inm\u00f3vil, en una jornada de viento. El hombre se llama Herv\u00e9 Joncour. El lago, no se sabe. Se podr\u00eda decir que es una historia de amor. Pero si solamente fuera eso, no habr\u00eda valido la pena contarla. En ella est\u00e1n entremezclados deseos, y dolores, que se sabe muy bien lo que son, pero que no tienen un nombre exacto que los designe. Y, en todo caso, es nombre no es amor. (Esto es algo muy antiguo. Cuando no se tiene un nombre para decir las cosas, entonces se utilizan historias. As\u00ed funciona. Desde hace siglos).<\/p>\n","protected":false},"featured_media":753,"comment_status":"open","ping_status":"closed","template":"","meta":[],"product_cat":[55,57],"product_tag":[],"class_list":{"0":"post-752","1":"product","2":"type-product","3":"status-publish","4":"has-post-thumbnail","6":"product_cat-literatura-de-ficcion","7":"product_cat-literatura-universal","9":"first","10":"instock","11":"shipping-taxable","12":"purchasable","13":"product-type-simple"},"_links":{"self":[{"href":"https:\/\/senaleditora.com\/index.php\/wp-json\/wp\/v2\/product\/752","targetHints":{"allow":["GET"]}}],"collection":[{"href":"https:\/\/senaleditora.com\/index.php\/wp-json\/wp\/v2\/product"}],"about":[{"href":"https:\/\/senaleditora.com\/index.php\/wp-json\/wp\/v2\/types\/product"}],"replies":[{"embeddable":true,"href":"https:\/\/senaleditora.com\/index.php\/wp-json\/wp\/v2\/comments?post=752"}],"wp:featuredmedia":[{"embeddable":true,"href":"https:\/\/senaleditora.com\/index.php\/wp-json\/wp\/v2\/media\/753"}],"wp:attachment":[{"href":"https:\/\/senaleditora.com\/index.php\/wp-json\/wp\/v2\/media?parent=752"}],"wp:term":[{"taxonomy":"product_cat","embeddable":true,"href":"https:\/\/senaleditora.com\/index.php\/wp-json\/wp\/v2\/product_cat?post=752"},{"taxonomy":"product_tag","embeddable":true,"href":"https:\/\/senaleditora.com\/index.php\/wp-json\/wp\/v2\/product_tag?post=752"}],"curies":[{"name":"wp","href":"https:\/\/api.w.org\/{rel}","templated":true}]}}