{"id":750,"date":"2025-02-18T14:00:37","date_gmt":"2025-02-18T19:00:37","guid":{"rendered":"https:\/\/senaleditora.com\/?post_type=product&#038;p=750"},"modified":"2025-02-21T16:54:43","modified_gmt":"2025-02-21T21:54:43","slug":"desde-el-alto-de-la-candela","status":"publish","type":"product","link":"https:\/\/senaleditora.com\/index.php\/product\/desde-el-alto-de-la-candela\/","title":{"rendered":"Desde el Alto de la Candela"},"content":{"rendered":"<p>Ricardo Vera Pab\u00f3n<\/p>\n","protected":false},"excerpt":{"rendered":"<p>Historias aut\u00e9nticas y pasajes de provincia de San Antonio Real de Minas de los Titirib\u00edes.<\/p>\n<p>F\u00e1bulas de ni\u00f1os curiosos que ya le\u00edan las cartas b\u00edblicas, conoc\u00edan el mundo en un espacio limitado por cuatro cerros tutelares, que un d\u00eda cualquiera se aventuraron en una larga caminata, y tuvieron una deslumbrante sorpresa cuando observaron otro mundo desde el Alto de la Candela.<\/p>\n<p>Sabaletas, Sinifan\u00e1, Sitio de Pilos, son sin\u00f3nimos que identifican el pueblo de las cuatro \u00edes con la gesta de la miner\u00eda en Antioquia y Colombia, pues all\u00ed estuvo centrada la producci\u00f3n de oro y plata, a trav\u00e9s de la Empresa Minera de El Zancudo, la mayor productora de oro en el mundo.<\/p>\n","protected":false},"featured_media":751,"comment_status":"open","ping_status":"closed","template":"","meta":[],"product_cat":[15,62],"product_tag":[],"class_list":{"0":"post-750","1":"product","2":"type-product","3":"status-publish","4":"has-post-thumbnail","6":"product_cat-uncategorized","7":"product_cat-cuentos","9":"first","10":"instock","11":"shipping-taxable","12":"purchasable","13":"product-type-simple"},"_links":{"self":[{"href":"https:\/\/senaleditora.com\/index.php\/wp-json\/wp\/v2\/product\/750","targetHints":{"allow":["GET"]}}],"collection":[{"href":"https:\/\/senaleditora.com\/index.php\/wp-json\/wp\/v2\/product"}],"about":[{"href":"https:\/\/senaleditora.com\/index.php\/wp-json\/wp\/v2\/types\/product"}],"replies":[{"embeddable":true,"href":"https:\/\/senaleditora.com\/index.php\/wp-json\/wp\/v2\/comments?post=750"}],"wp:featuredmedia":[{"embeddable":true,"href":"https:\/\/senaleditora.com\/index.php\/wp-json\/wp\/v2\/media\/751"}],"wp:attachment":[{"href":"https:\/\/senaleditora.com\/index.php\/wp-json\/wp\/v2\/media?parent=750"}],"wp:term":[{"taxonomy":"product_cat","embeddable":true,"href":"https:\/\/senaleditora.com\/index.php\/wp-json\/wp\/v2\/product_cat?post=750"},{"taxonomy":"product_tag","embeddable":true,"href":"https:\/\/senaleditora.com\/index.php\/wp-json\/wp\/v2\/product_tag?post=750"}],"curies":[{"name":"wp","href":"https:\/\/api.w.org\/{rel}","templated":true}]}}