{"id":748,"date":"2025-02-18T13:58:33","date_gmt":"2025-02-18T18:58:33","guid":{"rendered":"https:\/\/senaleditora.com\/?post_type=product&#038;p=748"},"modified":"2025-02-21T16:53:13","modified_gmt":"2025-02-21T21:53:13","slug":"harry-potter-y-el-prisionero-de-azkaban-libro-de-j-k-rowling","status":"publish","type":"product","link":"https:\/\/senaleditora.com\/index.php\/product\/harry-potter-y-el-prisionero-de-azkaban-libro-de-j-k-rowling\/","title":{"rendered":"Harry Potter y el prisionero de Azkaban"},"content":{"rendered":"<p>J. K. Rowling<\/p>\n","protected":false},"excerpt":{"rendered":"<p>La trama del libro describe que un peligroso asesino,\u00a0<a title=\"Sirius Black\" href=\"https:\/\/harrypotter.fandom.com\/es\/wiki\/Sirius_Black\">Sirius Black<\/a>, se escap\u00f3 de\u00a0<a title=\"Azkaban\" href=\"https:\/\/harrypotter.fandom.com\/es\/wiki\/Azkaban\">Azkaban<\/a>, la prisi\u00f3n de los magos, y al parecer est\u00e1 dispuesto a encontrar y matar a Harry. Se sabe tambi\u00e9n que es la primera persona en escapar de la prisi\u00f3n de magos y nadie sabe c\u00f3mo lo hizo. Muchos dicen que es por los poderes que adquiri\u00f3 cuando estuvo en el bando de\u00a0<a class=\"mw-redirect\" title=\"Tom Sorvolo Ryddle\" href=\"https:\/\/harrypotter.fandom.com\/es\/wiki\/Tom_Sorvolo_Ryddle\">Lord Voldemort<\/a>. Black es el\u00a0<i>prisionero de Azkaban<\/i>\u00a0que cita el t\u00edtulo del libro.<\/p>\n","protected":false},"featured_media":749,"comment_status":"open","ping_status":"closed","template":"","meta":[],"product_cat":[55,54],"product_tag":[],"class_list":{"0":"post-748","1":"product","2":"type-product","3":"status-publish","4":"has-post-thumbnail","6":"product_cat-literatura-de-ficcion","7":"product_cat-literatura-infantil","9":"first","10":"instock","11":"shipping-taxable","12":"purchasable","13":"product-type-simple"},"_links":{"self":[{"href":"https:\/\/senaleditora.com\/index.php\/wp-json\/wp\/v2\/product\/748","targetHints":{"allow":["GET"]}}],"collection":[{"href":"https:\/\/senaleditora.com\/index.php\/wp-json\/wp\/v2\/product"}],"about":[{"href":"https:\/\/senaleditora.com\/index.php\/wp-json\/wp\/v2\/types\/product"}],"replies":[{"embeddable":true,"href":"https:\/\/senaleditora.com\/index.php\/wp-json\/wp\/v2\/comments?post=748"}],"wp:featuredmedia":[{"embeddable":true,"href":"https:\/\/senaleditora.com\/index.php\/wp-json\/wp\/v2\/media\/749"}],"wp:attachment":[{"href":"https:\/\/senaleditora.com\/index.php\/wp-json\/wp\/v2\/media?parent=748"}],"wp:term":[{"taxonomy":"product_cat","embeddable":true,"href":"https:\/\/senaleditora.com\/index.php\/wp-json\/wp\/v2\/product_cat?post=748"},{"taxonomy":"product_tag","embeddable":true,"href":"https:\/\/senaleditora.com\/index.php\/wp-json\/wp\/v2\/product_tag?post=748"}],"curies":[{"name":"wp","href":"https:\/\/api.w.org\/{rel}","templated":true}]}}