{"id":743,"date":"2025-02-18T13:53:40","date_gmt":"2025-02-18T18:53:40","guid":{"rendered":"https:\/\/senaleditora.com\/?post_type=product&#038;p=743"},"modified":"2025-02-21T16:55:51","modified_gmt":"2025-02-21T21:55:51","slug":"etereo-libro-de-joana-marcus","status":"publish","type":"product","link":"https:\/\/senaleditora.com\/index.php\/product\/etereo-libro-de-joana-marcus\/","title":{"rendered":"Et\u00e9reo"},"content":{"rendered":"<p>Joana Marcus<\/p>\n","protected":false},"excerpt":{"rendered":"<p>Caleb no es un chico corriente. Ha tenido una vida complicada, quiz\u00e1 por las habilidades especiales que lo convierten, a sus ojos, en un monstruo. El destino lo ha llevado a trabajar para gente de moral dudosa, a hacer cosas que le han manchado las manos y el alma. Entonces, una de sus misiones se complica y se le asigna vigilar a Victoria, una humana tan normal como cualquier otra, con un trabajo rutinario, un apartamento peque\u00f1o y un gato extra\u00f1o. Deber\u00eda ser el trabajo m\u00e1s f\u00e1cil del mundo, pero termina teniendo que elegir entre el mundo que conoce y la \u00fanica persona que alguna vez le ha importado.<\/p>\n","protected":false},"featured_media":744,"comment_status":"open","ping_status":"closed","template":"","meta":[],"product_cat":[56,55,54],"product_tag":[],"class_list":{"0":"post-743","1":"product","2":"type-product","3":"status-publish","4":"has-post-thumbnail","6":"product_cat-libros","7":"product_cat-literatura-de-ficcion","8":"product_cat-literatura-infantil","10":"first","11":"instock","12":"shipping-taxable","13":"purchasable","14":"product-type-simple"},"_links":{"self":[{"href":"https:\/\/senaleditora.com\/index.php\/wp-json\/wp\/v2\/product\/743","targetHints":{"allow":["GET"]}}],"collection":[{"href":"https:\/\/senaleditora.com\/index.php\/wp-json\/wp\/v2\/product"}],"about":[{"href":"https:\/\/senaleditora.com\/index.php\/wp-json\/wp\/v2\/types\/product"}],"replies":[{"embeddable":true,"href":"https:\/\/senaleditora.com\/index.php\/wp-json\/wp\/v2\/comments?post=743"}],"wp:featuredmedia":[{"embeddable":true,"href":"https:\/\/senaleditora.com\/index.php\/wp-json\/wp\/v2\/media\/744"}],"wp:attachment":[{"href":"https:\/\/senaleditora.com\/index.php\/wp-json\/wp\/v2\/media?parent=743"}],"wp:term":[{"taxonomy":"product_cat","embeddable":true,"href":"https:\/\/senaleditora.com\/index.php\/wp-json\/wp\/v2\/product_cat?post=743"},{"taxonomy":"product_tag","embeddable":true,"href":"https:\/\/senaleditora.com\/index.php\/wp-json\/wp\/v2\/product_tag?post=743"}],"curies":[{"name":"wp","href":"https:\/\/api.w.org\/{rel}","templated":true}]}}