{"id":741,"date":"2025-02-18T13:51:15","date_gmt":"2025-02-18T18:51:15","guid":{"rendered":"https:\/\/senaleditora.com\/?post_type=product&#038;p=741"},"modified":"2025-02-21T16:59:43","modified_gmt":"2025-02-21T21:59:43","slug":"el-dia-que-se-perdio-la-cordura","status":"publish","type":"product","link":"https:\/\/senaleditora.com\/index.php\/product\/el-dia-que-se-perdio-la-cordura\/","title":{"rendered":"El d\u00eda que se perdi\u00f3 la cordura"},"content":{"rendered":"<p>Javier Castillo<\/p>\n","protected":false},"excerpt":{"rendered":"<p>Centro de Boston, 24 de diciembre, un hombre camina desnudo con la cabeza decapitada de una joven. El doctor Jenkins, director del centro psiqui\u00e1trico de la ciudad, y Stella Hyden, agente de perfiles del FBI, se adentrar\u00e1n en una investigaci\u00f3n que pondr\u00e1 en juego sus vidas, su concepci\u00f3n de la cordura y que los llevar\u00e1 hasta unos sucesos fortuitos ocurridos en el misterioso pueblo de Salt Lake diecisiete a\u00f1os atr\u00e1s.<\/p>\n","protected":false},"featured_media":742,"comment_status":"open","ping_status":"closed","template":"","meta":[],"product_cat":[56,55],"product_tag":[],"class_list":{"0":"post-741","1":"product","2":"type-product","3":"status-publish","4":"has-post-thumbnail","6":"product_cat-libros","7":"product_cat-literatura-de-ficcion","9":"first","10":"instock","11":"shipping-taxable","12":"purchasable","13":"product-type-simple"},"_links":{"self":[{"href":"https:\/\/senaleditora.com\/index.php\/wp-json\/wp\/v2\/product\/741","targetHints":{"allow":["GET"]}}],"collection":[{"href":"https:\/\/senaleditora.com\/index.php\/wp-json\/wp\/v2\/product"}],"about":[{"href":"https:\/\/senaleditora.com\/index.php\/wp-json\/wp\/v2\/types\/product"}],"replies":[{"embeddable":true,"href":"https:\/\/senaleditora.com\/index.php\/wp-json\/wp\/v2\/comments?post=741"}],"wp:featuredmedia":[{"embeddable":true,"href":"https:\/\/senaleditora.com\/index.php\/wp-json\/wp\/v2\/media\/742"}],"wp:attachment":[{"href":"https:\/\/senaleditora.com\/index.php\/wp-json\/wp\/v2\/media?parent=741"}],"wp:term":[{"taxonomy":"product_cat","embeddable":true,"href":"https:\/\/senaleditora.com\/index.php\/wp-json\/wp\/v2\/product_cat?post=741"},{"taxonomy":"product_tag","embeddable":true,"href":"https:\/\/senaleditora.com\/index.php\/wp-json\/wp\/v2\/product_tag?post=741"}],"curies":[{"name":"wp","href":"https:\/\/api.w.org\/{rel}","templated":true}]}}