{"id":721,"date":"2025-02-04T15:59:08","date_gmt":"2025-02-04T20:59:08","guid":{"rendered":"https:\/\/senaleditora.com\/?page_id=721"},"modified":"2025-02-04T16:00:22","modified_gmt":"2025-02-04T21:00:22","slug":"nosotros","status":"publish","type":"page","link":"https:\/\/senaleditora.com\/index.php\/nosotros\/","title":{"rendered":"Nosotros"},"content":{"rendered":"\t\t<div data-elementor-type=\"wp-page\" data-elementor-id=\"721\" class=\"elementor elementor-721\" data-elementor-post-type=\"page\">\n\t\t\t\t\t\t<section class=\"elementor-section elementor-top-section elementor-element elementor-element-687c74c elementor-section-boxed elementor-section-height-default elementor-section-height-default\" data-id=\"687c74c\" data-element_type=\"section\" data-settings=\"{&quot;background_background&quot;:&quot;classic&quot;}\">\n\t\t\t\t\t\t<div class=\"elementor-container elementor-column-gap-default\">\n\t\t\t\t\t<div class=\"elementor-column elementor-col-50 elementor-top-column elementor-element elementor-element-567874f\" data-id=\"567874f\" data-element_type=\"column\">\n\t\t\t<div class=\"elementor-widget-wrap elementor-element-populated\">\n\t\t\t\t\t\t<div class=\"elementor-element elementor-element-4edb16e elementor-invisible elementor-widget elementor-widget-image\" data-id=\"4edb16e\" data-element_type=\"widget\" data-settings=\"{&quot;_animation&quot;:&quot;fadeInLeft&quot;}\" data-widget_type=\"image.default\">\n\t\t\t\t<div class=\"elementor-widget-container\">\n\t\t\t\t\t\t\t\t\t\t\t\t\t\t\t<img fetchpriority=\"high\" decoding=\"async\" width=\"2000\" height=\"1333\" src=\"https:\/\/senaleditora.com\/wp-content\/uploads\/2024\/08\/pila-libros-pnga-aislados-sobre-fondo-blanco.png\" class=\"attachment-full size-full wp-image-190\" alt=\"\" srcset=\"https:\/\/senaleditora.com\/wp-content\/uploads\/2024\/08\/pila-libros-pnga-aislados-sobre-fondo-blanco.png 2000w, https:\/\/senaleditora.com\/wp-content\/uploads\/2024\/08\/pila-libros-pnga-aislados-sobre-fondo-blanco-300x200.png 300w, https:\/\/senaleditora.com\/wp-content\/uploads\/2024\/08\/pila-libros-pnga-aislados-sobre-fondo-blanco-1024x682.png 1024w, https:\/\/senaleditora.com\/wp-content\/uploads\/2024\/08\/pila-libros-pnga-aislados-sobre-fondo-blanco-768x512.png 768w, https:\/\/senaleditora.com\/wp-content\/uploads\/2024\/08\/pila-libros-pnga-aislados-sobre-fondo-blanco-1536x1024.png 1536w, https:\/\/senaleditora.com\/wp-content\/uploads\/2024\/08\/pila-libros-pnga-aislados-sobre-fondo-blanco-600x400.png 600w\" sizes=\"(max-width: 2000px) 100vw, 2000px\" \/>\t\t\t\t\t\t\t\t\t\t\t\t\t\t\t<\/div>\n\t\t\t\t<\/div>\n\t\t\t\t<div class=\"elementor-element elementor-element-a29d2b7 elementor-widget__width-auto elementor-absolute elementor-invisible elementor-widget elementor-widget-counter\" data-id=\"a29d2b7\" data-element_type=\"widget\" data-settings=\"{&quot;_position&quot;:&quot;absolute&quot;,&quot;_animation&quot;:&quot;bounceIn&quot;}\" data-widget_type=\"counter.default\">\n\t\t\t\t<div class=\"elementor-widget-container\">\n\t\t\t\t\t\t\t<div class=\"elementor-counter\">\n\t\t\t<div class=\"elementor-counter-title\">A\u00f1os experiencia<\/div>\t\t\t<div class=\"elementor-counter-number-wrapper\">\n\t\t\t\t<span class=\"elementor-counter-number-prefix\"><\/span>\n\t\t\t\t<span class=\"elementor-counter-number\" data-duration=\"2000\" data-to-value=\"39\" data-from-value=\"0\" data-delimiter=\",\">0<\/span>\n\t\t\t\t<span class=\"elementor-counter-number-suffix\">+<\/span>\n\t\t\t<\/div>\n\t\t<\/div>\n\t\t\t\t\t\t<\/div>\n\t\t\t\t<\/div>\n\t\t\t\t\t<\/div>\n\t\t<\/div>\n\t\t\t\t<div class=\"elementor-column elementor-col-50 elementor-top-column elementor-element elementor-element-2a54c58\" data-id=\"2a54c58\" data-element_type=\"column\">\n\t\t\t<div class=\"elementor-widget-wrap elementor-element-populated\">\n\t\t\t\t\t\t<div class=\"elementor-element elementor-element-c7dbdc9 elementor-invisible elementor-widget elementor-widget-heading\" data-id=\"c7dbdc9\" data-element_type=\"widget\" data-settings=\"{&quot;_animation&quot;:&quot;fadeInUp&quot;}\" data-widget_type=\"heading.default\">\n\t\t\t\t<div class=\"elementor-widget-container\">\n\t\t\t\t\t<h6 class=\"elementor-heading-title elementor-size-default\">Se\u00f1al Editora<\/h6>\t\t\t\t<\/div>\n\t\t\t\t<\/div>\n\t\t\t\t<div class=\"elementor-element elementor-element-537fd57 elementor-invisible elementor-widget elementor-widget-heading\" data-id=\"537fd57\" data-element_type=\"widget\" data-settings=\"{&quot;_animation&quot;:&quot;fadeInRight&quot;}\" data-widget_type=\"heading.default\">\n\t\t\t\t<div class=\"elementor-widget-container\">\n\t\t\t\t\t<h2 class=\"elementor-heading-title elementor-size-default\">\u00bfQuienes somos? <\/h2>\t\t\t\t<\/div>\n\t\t\t\t<\/div>\n\t\t\t\t<div class=\"elementor-element elementor-element-fe5e1cd elementor-invisible elementor-widget elementor-widget-text-editor\" data-id=\"fe5e1cd\" data-element_type=\"widget\" data-settings=\"{&quot;_animation&quot;:&quot;fadeInRight&quot;,&quot;_animation_delay&quot;:240}\" data-widget_type=\"text-editor.default\">\n\t\t\t\t<div class=\"elementor-widget-container\">\n\t\t\t\t\t\t\t\t\t<p>Se\u00f1al Editora, Librer\u00eda con enfoque jur\u00eddico, tambi\u00e9n manejamos literatura cl\u00e1sica, literatura infantil y juvenil, sociolog\u00eda, pol\u00edtica y econom\u00eda.<br \/><br \/>Creada, constituida hace 39 a\u00f1os y es dirigida por el Doctor Edgar Tob\u00f3n Uribe, contamos con equipo de trabajo que son: Reimary Gusm\u00e1n, Ver\u00f3nica Giraldo y Natalia Pineda.<br \/><br \/>Contamos con la misi\u00f3n de aportar a la formaci\u00f3n a acad\u00e9mica de los futuros profesionales y complementaci\u00f3n y repaso de los que ya se encuentran ejerciendo su carrera.<br \/><br \/>\u00a0Tenemos nuestro punto f\u00edsico en la ciudad de Medell\u00edn, en la calle 50 # 45-28, nos pueden contactar \u00a0por redes sociales y en nuestros n\u00fameros.<\/p>\t\t\t\t\t\t\t\t<\/div>\n\t\t\t\t<\/div>\n\t\t\t\t\t<\/div>\n\t\t<\/div>\n\t\t\t\t\t<\/div>\n\t\t<\/section>\n\t\t\t\t<\/div>\n\t\t","protected":false},"excerpt":{"rendered":"<p>A\u00f1os experiencia 0 + Se\u00f1al Editora \u00bfQuienes somos? Se\u00f1al Editora, Librer\u00eda con enfoque jur\u00eddico, tambi\u00e9n manejamos literatura cl\u00e1sica, literatura infantil y juvenil, sociolog\u00eda, pol\u00edtica y econom\u00eda. Creada, constituida hace 39 a\u00f1os y es dirigida por el Doctor Edgar Tob\u00f3n Uribe, contamos con equipo de trabajo que son: Reimary Gusm\u00e1n, Ver\u00f3nica Giraldo y Natalia Pineda. Contamos [&hellip;]<\/p>\n","protected":false},"author":1,"featured_media":0,"parent":0,"menu_order":0,"comment_status":"closed","ping_status":"closed","template":"","meta":{"footnotes":""},"class_list":["post-721","page","type-page","status-publish","hentry"],"_links":{"self":[{"href":"https:\/\/senaleditora.com\/index.php\/wp-json\/wp\/v2\/pages\/721","targetHints":{"allow":["GET"]}}],"collection":[{"href":"https:\/\/senaleditora.com\/index.php\/wp-json\/wp\/v2\/pages"}],"about":[{"href":"https:\/\/senaleditora.com\/index.php\/wp-json\/wp\/v2\/types\/page"}],"author":[{"embeddable":true,"href":"https:\/\/senaleditora.com\/index.php\/wp-json\/wp\/v2\/users\/1"}],"replies":[{"embeddable":true,"href":"https:\/\/senaleditora.com\/index.php\/wp-json\/wp\/v2\/comments?post=721"}],"version-history":[{"count":7,"href":"https:\/\/senaleditora.com\/index.php\/wp-json\/wp\/v2\/pages\/721\/revisions"}],"predecessor-version":[{"id":729,"href":"https:\/\/senaleditora.com\/index.php\/wp-json\/wp\/v2\/pages\/721\/revisions\/729"}],"wp:attachment":[{"href":"https:\/\/senaleditora.com\/index.php\/wp-json\/wp\/v2\/media?parent=721"}],"curies":[{"name":"wp","href":"https:\/\/api.w.org\/{rel}","templated":true}]}}